{"id":50,"date":"2023-08-19T01:12:51","date_gmt":"2023-08-18T23:12:51","guid":{"rendered":"https:\/\/menofwrestling.com\/?page_id=50"},"modified":"2023-08-19T01:12:51","modified_gmt":"2023-08-18T23:12:51","slug":"definitions","status":"publish","type":"page","link":"https:\/\/menofwrestling.com\/tr\/definitions\/","title":{"rendered":"Tan\u0131mlar"},"content":{"rendered":"<div class=\"aex-box left\">\n<article>\n<div class=\"blank10\"><\/div>\n<h2 class=\"text-none\" data-aos=\"flip-up\" data-aos-duration=\"2000\">\u203aYa\u011fl\u0131 G\u00fcre\u015f\u2039 (ya\u011f halkalar\u0131) ile ilgili bir\u00e7ok ifade duyulmaktad\u0131r. Ayr\u0131ca, \u00e7e\u015fitli kald\u0131ra\u00e7 ve d\u00f6v\u00fc\u015f teknikleri i\u00e7in bir\u00e7ok terim vard\u0131r. Bu s\u00f6zl\u00fck, T\u00fcrk ya\u011fl\u0131 g\u00fcre\u015fini daha iyi anlaman\u0131za yard\u0131mc\u0131 olacakt\u0131r.<\/h2>\n<div class=\"blank10\"><\/div>\n<p><strong>\u203aTurkish Oil Wrestling\u2039<\/strong> (tekil) <strong>\u203aya\u011fl\u0131 g\u00fcre\u015f\u2039<\/strong> gibi bir anlama gelir. \u00c7o\u011fulu <strong>\u203aYa\u011fl\u0131 G\u00fcre\u015fler\u2039<\/strong>, <strong>\u203aya\u011fl\u0131 kavgalar\u2039<\/strong> anlam\u0131na gelir. Bireysel pehlivanlara ve g\u00fcre\u015f\u00e7ilere <strong>\u203aPehlivan\u2039<\/strong> denir. <strong>\u203aPehlivan\u2039<\/strong> tekildir ve a\u015fa\u011f\u0131da anlam\u0131n\u0131 bulacaks\u0131n\u0131z. Buna g\u00f6re <strong>\u203aPehlivanlar\u2039<\/strong> (\u00e7o\u011ful T\u00fcrk\u00e7e) kelimesi t\u00fcm g\u00fcre\u015f\u00e7i ve g\u00fcre\u015f\u00e7ileri ifade eder.<\/p>\n<div class=\"blank50\"><\/div>\n<h3>Pehlivan<\/h3>\n<p><strong>\u203aPehlivan\u2039<\/strong>, genellikle \u203acesur\u2039 anlam\u0131na gelen fars\u00e7a bir kelimedir, ancak ba\u015fka bir\u00e7ok anlam\u0131 da vard\u0131r. Memur, Vali, fiziksel olarak uzun boylu bir adam veya do\u011fruyu s\u00f6yleyen ki\u015fi, di\u011fer tan\u0131mlard\u0131r.<\/p>\n<p>\t\tTarih boyunca, kelime \u00e7e\u015fitli anlamlarla kullan\u0131lm\u0131\u015ft\u0131r. Sel\u00e7uklu t\u00fcrkleri, bu kelimeyi kahraman sava\u015f\u00e7\u0131lara, merakl\u0131 at\u0131c\u0131lara ve g\u00fcre\u015f\u00e7ilere at\u0131fta bulunmak i\u00e7in kulland\u0131. 16. y\u00fczy\u0131lda, sadece sporcular i\u00e7in kullan\u0131ld\u0131 ve bu uygulama Sultan II. Mahmut saltanat\u0131n\u0131n sonuna kadar devam etti.<\/p>\n<p>\t\tT\u00fcrk toplumu, g\u00fcre\u015f\u00e7ilere geleneklerine ve k\u00fclt\u00fcrlerine sayg\u0131 duyuyor. Kahramanl\u0131k ve sava\u015f\u00e7\u0131 olmak, g\u00fcre\u015f\u00e7ilere atfedilen di\u011fer \u00f6zelliklerdir. Bir \u203aPehlivan\u2039, fiziksel olarak di\u011ferlerinden daha g\u00fc\u00e7l\u00fc ve genellikle kasl\u0131 ve sa\u011fl\u0131kl\u0131 kabul edilir. Ger\u00e7ek bir g\u00fc\u00e7l\u00fc karakterleri var.<\/p>\n<p>\t\tOsmanl\u0131 d\u00f6neminde ya\u015fanan olaylar\u0131n bir par\u00e7as\u0131 olarak g\u00fcre\u015f m\u00fcsabakalar\u0131 yap\u0131ld\u0131. Genellikle, bu yar\u0131\u015fmalar yard\u0131m ve hay\u0131r kurumlar\u0131na para ve ba\u011f\u0131\u015f toplamaya devam ediyor.<\/p>\n<div class=\"blank10\"><\/div>\n<div class=\"blank300\"><\/div>\n<\/article>\n<\/div>\n","protected":false},"excerpt":{"rendered":"<p>\u203aYa\u011fl\u0131 G\u00fcre\u015f\u2039 (ya\u011f halkalar\u0131) ile ilgili bir\u00e7ok ifade duyulmaktad\u0131r. Ayr\u0131ca, \u00e7e\u015fitli kald\u0131ra\u00e7 ve d\u00f6v\u00fc\u015f teknikleri i\u00e7in bir\u00e7ok terim vard\u0131r. Bu s\u00f6zl\u00fck, T\u00fcrk ya\u011fl\u0131 g\u00fcre\u015fini daha iyi anlaman\u0131za yard\u0131mc\u0131 olacakt\u0131r. \u203aTurkish Oil Wrestling\u2039 (tekil) \u203aya\u011fl\u0131 g\u00fcre\u015f\u2039 gibi bir anlama gelir. \u00c7o\u011fulu \u203aYa\u011fl\u0131 G\u00fcre\u015fler\u2039, \u203aya\u011fl\u0131 kavgalar\u2039 anlam\u0131na gelir. Bireysel pehlivanlara ve g\u00fcre\u015f\u00e7ilere \u203aPehlivan\u2039 denir. \u203aPehlivan\u2039 tekildir ve [&hellip;]<\/p>\n","protected":false},"author":1,"featured_media":0,"parent":0,"menu_order":0,"comment_status":"closed","ping_status":"closed","template":"","meta":{"footnotes":""},"class_list":["post-50","page","type-page","status-publish","hentry"],"translation":{"provider":"WPGlobus","version":"3.0.2","language":"tr","enabled_languages":["de","tr","en","es","br","fr","it","ar","ru","zh","ko","hi","ja"],"languages":{"de":{"title":true,"content":true,"excerpt":false},"tr":{"title":true,"content":true,"excerpt":false},"en":{"title":true,"content":true,"excerpt":false},"es":{"title":true,"content":false,"excerpt":false},"br":{"title":true,"content":false,"excerpt":false},"fr":{"title":true,"content":false,"excerpt":false},"it":{"title":true,"content":false,"excerpt":false},"ar":{"title":true,"content":false,"excerpt":false},"ru":{"title":true,"content":false,"excerpt":false},"zh":{"title":true,"content":false,"excerpt":false},"ko":{"title":true,"content":false,"excerpt":false},"hi":{"title":true,"content":false,"excerpt":false},"ja":{"title":true,"content":false,"excerpt":false}}},"aioseo_notices":[],"_links":{"self":[{"href":"https:\/\/menofwrestling.com\/tr\/wp-json\/wp\/v2\/pages\/50","targetHints":{"allow":["GET"]}}],"collection":[{"href":"https:\/\/menofwrestling.com\/tr\/wp-json\/wp\/v2\/pages"}],"about":[{"href":"https:\/\/menofwrestling.com\/tr\/wp-json\/wp\/v2\/types\/page"}],"author":[{"embeddable":true,"href":"https:\/\/menofwrestling.com\/tr\/wp-json\/wp\/v2\/users\/1"}],"replies":[{"embeddable":true,"href":"https:\/\/menofwrestling.com\/tr\/wp-json\/wp\/v2\/comments?post=50"}],"version-history":[{"count":0,"href":"https:\/\/menofwrestling.com\/tr\/wp-json\/wp\/v2\/pages\/50\/revisions"}],"wp:attachment":[{"href":"https:\/\/menofwrestling.com\/tr\/wp-json\/wp\/v2\/media?parent=50"}],"curies":[{"name":"wp","href":"https:\/\/api.w.org\/{rel}","templated":true}]}}