{"id":35,"date":"2023-08-18T19:02:08","date_gmt":"2023-08-18T17:02:08","guid":{"rendered":"https:\/\/menofwrestling.com\/?page_id=35"},"modified":"2023-12-28T04:21:33","modified_gmt":"2023-12-28T03:21:33","slug":"home","status":"publish","type":"page","link":"https:\/\/menofwrestling.com\/hi\/","title":{"rendered":"\u0915\u0941\u0936\u094d\u0924\u0940 \u0915\u0947 \u092a\u0941\u0930\u0941\u0937 | \u0924\u0941\u0930\u094d\u0915\u0940 \u0924\u0947\u0932 \u0915\u0941\u0936\u094d\u0924\u0940"},"content":{"rendered":"<style>\n\t.aex-content-left {\n\t\twidth: 100%;\n\t\t}\n\t.aex-content-right {\n\t\tdisplay: none;\n\t\t}\n\th1 {\n\t\tdisplay: none;\n\t\t}\t\t\n<\/style>\n<div class=\"aex-box-content\">\n<div class=\"su-custom-gallery su-custom-gallery-align-left su-custom-gallery-title-hover\"><div class=\"su-custom-gallery-slide\" style=\"width:1500px;height:700px\"><a><img loading=\"lazy\" decoding=\"async\" src=\"https:\/\/menofwrestling.com\/wp-content\/uploads\/2023\/12\/00006-plakat-men-of-wrestling-com-1500x700.png\" alt=\"00006-plakat-men-of-wrestling-com\" width=\"1500\" height=\"700\" \/><span class=\"su-custom-gallery-title\">00006-plakat-men-of-wrestling-com<\/span><\/a><\/div><div class=\"su-custom-gallery-slide\" style=\"width:1500px;height:700px\"><a><img loading=\"lazy\" decoding=\"async\" src=\"https:\/\/menofwrestling.com\/wp-content\/uploads\/2023\/12\/00010-plakat-men-of-wrestling-com-1500x700.png\" alt=\"00010-plakat-men-of-wrestling-com\" width=\"1500\" height=\"700\" \/><span class=\"su-custom-gallery-title\">00010-plakat-men-of-wrestling-com<\/span><\/a><\/div><div class=\"su-custom-gallery-slide\" style=\"width:1500px;height:700px\"><a><img loading=\"lazy\" decoding=\"async\" src=\"https:\/\/menofwrestling.com\/wp-content\/uploads\/2023\/12\/00008-plakat-men-of-wrestling-com-1500x700.png\" alt=\"00008-plakat-men-of-wrestling-com\" width=\"1500\" height=\"700\" \/><span class=\"su-custom-gallery-title\">00008-plakat-men-of-wrestling-com<\/span><\/a><\/div><div class=\"su-custom-gallery-slide\" style=\"width:1500px;height:700px\"><a><img loading=\"lazy\" decoding=\"async\" src=\"https:\/\/menofwrestling.com\/wp-content\/uploads\/2023\/12\/00009-plakat-men-of-wrestling-com-1500x700.png\" alt=\"00009-plakat-men-of-wrestling-com\" width=\"1500\" height=\"700\" \/><span class=\"su-custom-gallery-title\">00009-plakat-men-of-wrestling-com<\/span><\/a><\/div><div class=\"su-clear\"><\/div><\/div>\n<h2 data-aos=\"flip-up\" data-aos-duration=\"2000\">Der Legende nach begann das t\u00fcrkische \u00d6lringen, \u00abYa\u011fl\u0131 G\u00fcre\u015f\u00bb, mit der Eroberung des Territoriums von Rumelien durch die Osmanen. Mit Rumelien (t\u00fcrkisch \u00abRumeli\u00bb etwa \u00abLand der Rhom\u00e4er\u00bb oder \u00abRhom\u00e4erland\u00bb) bezeichneten die T\u00fcrken seit dem 15. Jahrhundert den europ\u00e4ischen, auf der Balkanhalbinsel gelegenen Teil des Osmanischen Reiches.<\/h2>\n<p>Um das Jahr 1346 sandte der damalige erste osmanische Herrscher, Sultan Orhan Gazi, seinen Bruder, S\u00fcleyman Pasha, mit weiteren 40 Soldaten nach Domuzhisar aus, das sich damals in byzantinischer Hand befand, um dort in der Nacht die Festung von Domuzhisar anzugreifen. Nach erfolgreicher \u00dcbernahme des Ortes kehrt die Truppe von 40 M\u00e4nnern zur\u00fcck und rastet im Gebiet von Samona, das im heutigen Gebiet von Griechenland liegt. Um sich zu unterhalten und zu entspannen ringen hier an diesem Ort vierzig Ringer miteinander.<\/p>\n<p>\tBesonders zwei M\u00e4nner fallen hier besonders auf, weil sie nicht besiegt werden konnten. Diese zwei M\u00e4nner, die stundenlang miteinander k\u00e4mpften, seien Br\u00fcder mit den Namen Ali und Selim gewesen. Im heutigen Gebiet von Edirne, T\u00fcrkei, begannen die beiden Br\u00fcder am Tag des Fr\u00fchlingsfestes, dem sogenannten \u00abH\u0131drellez\u00bb, wieder mit dem Ringen. Sie k\u00e4mpften und k\u00e4mpften den ganzen Tag lang und konnten trotzdem nicht besiegt werden. Sie k\u00e4mpften sogar nachts im Licht von Kerzen und Laternen. Am Ende jedoch gingen beiden Br\u00fcdern sowohl der Atem als auch die Energie aus, bis sie dann schliesslich an diesem Ort neben einem Feigenbaum verstarben.<\/p>\n<p>\tAn der Stelle, an der die beiden M\u00e4nner verstarben, legten ihre Freunde die beiden schliesslich zur Ruhe. Viele Jahre sp\u00e4ter suchten die Freunde diesen Feigenbaum auf. Dort, wo die beiden Br\u00fcder begraben waren, floss ein grosser Fluss. Aufgrund der Tatsache, dass an diesem Ort ein grosser Fluss floss und hier 40 K\u00e4mpfer miteinander k\u00e4mpften, nennen seitdem die Menschen der Region das Gebiet \u00abK\u0131rkp\u0131nar\u00bb, aus dem t\u00fcrkischen f\u00fcr \u00abvierzig Quellen\u00bb.<\/p>\n<p>\tAm Ende der Balkankriege und des Ersten Weltkrieges begann der \u00abK\u0131rkp\u0131nar Ya\u011fl\u0131 G\u00fcre\u015f\u00bb (K\u0131rkp\u0131nar Wrestling Contest) an dem Ort namens Virantekke, der sich zwischen Edirne und Mustafapa\u015fa in der T\u00fcrkei befindet. Nach der Gr\u00fcndung der T\u00fcrkischen Republik finden Wettbewerbe seit 1924 im Gebiet Sarayi\u00e7i von Edirne statt. Bis 1928 stellten die sogenannten A\u011fas (Grundbesitzer) den K\u0131rkp\u0131nar Wrestling Contest zusammen und verliehen den Gewinnern dabei Preise. Aufgrund der damaligen wirtschaftlichen Probleme im Land \u00fcbernahmen ab 1928 der T\u00fcrkische Rote Halbmond (K\u0131z\u0131lay) und der Kinderschutzverein (\u00c7ocuk Esirgeme Kurumu) die Aufgabe, die Wettbewerbe im \u00d6lringen zu planen. Ab 1946 begann die Gemeinde von Edirne, den \u00abK\u0131rkp\u0131nar Ya\u011fl\u0131 G\u00fcre\u015f\u00bb (K\u0131rkp\u0131nar Wrestling Contest) zu organisieren, wo er bis zum heutigen Tag sattfindet.<\/p>\n<div class=\"blank50\"><\/div>\n<div class=\"aex-box-url\">\n<div class=\"aex-box-url\" data-aos=\"flip-right\" data-aos-duration=\"1500\">\n\t\t\t<a class=\"aex-a\" href=\"https:\/\/menofwrestling.com\/de\/sport-of-turkish-oil-wrestling-yagli-guresleri-spor-ataspor-oelringen\/\" target=\"_self\" title=\"Der Sport | Ya\u011fl\u0131 G\u00fcre\u015f\" rel=\"noopener\"><img decoding=\"async\" class=\"aex-link\" src=\"https:\/\/menofwrestling.com\/com\/images\/icons\/img-link.png\" alt=\"T\u00fcrkisches \u00d6lwrestling als Sport\">Der Sport | Ya\u011fl\u0131 G\u00fcre\u015f<\/a>\n\t\t<\/div>\n<div class=\"aex-box-url\" data-aos=\"flip-right\" data-aos-duration=\"1500\">\n\t\t\t<a class=\"aex-a\" href=\"https:\/\/menofwrestling.com\/de\/history-of-turkish-oil-wrestling-yagli-guresleri-tarih-geschichte-oelringen-histoire-historia\/\" target=\"_self\" title=\"Die Geschichte des \u00d6lringens\" rel=\"noopener\"><img decoding=\"async\" class=\"aex-link\" src=\"https:\/\/menofwrestling.com\/com\/images\/icons\/img-link.png\" alt=\"Die Historie des \u00d6lkampfs\">Die Geschichte des \u00d6lringens<\/a>\n\t\t<\/div>\n<div class=\"aex-box-url\" data-aos=\"flip-right\" data-aos-duration=\"2000\">\n\t\t\t<a class=\"aex-a\" href=\"https:\/\/menofwrestling.com\/de\/game-and-match-rules-of-turkish-oil-wrestling-regeln-kuralar-yagli-guresleri\/\" target=\"_self\" title=\"Die Regeln\" rel=\"noopener\"><img decoding=\"async\" class=\"aex-link\" src=\"https:\/\/menofwrestling.com\/com\/images\/icons\/img-link.png\" alt=\"Die Regeln des \u00d6lringens\">Die Regeln<\/a>\n\t\t<\/div>\n<div class=\"aex-box-url\" data-aos=\"flip-right\" data-aos-duration=\"2000\">\n\t\t\t<a class=\"aex-a\" href=\"https:\/\/menofwrestling.com\/de\/kampftechniken-und-griffe-fighting-techniques-grips-dovus-teknikleri-kavramalar\/\" target=\"_self\" title=\"Kampftechniken\" rel=\"noopener\"><img decoding=\"async\" class=\"aex-link\" src=\"https:\/\/menofwrestling.com\/com\/images\/icons\/img-link.png\" alt=\"Kampftechniken, Stile und Griffe\">Kampftechniken<\/a>\n\t\t<\/div>\n<div class=\"aex-box-url\" data-aos=\"flip-right\" data-aos-duration=\"2500\">\n\t\t\t<a class=\"aex-a\" href=\"https:\/\/menofwrestling.com\/de\/athlethen-sportler-\u00f6lringer-turkish-oil-wrestling-yagli-guresleri-pehlivanlar-baspehlivanlar\/\" target=\"_self\" title=\"Die Athleten | Pehlivanlar\" rel=\"noopener\"><img decoding=\"async\" class=\"aex-link\" src=\"https:\/\/menofwrestling.com\/com\/images\/icons\/img-link.png\" alt=\"Alle t\u00fcrkischen \u00d6lringer\">Die Athleten | Pehlivanlar<\/a>\n\t\t<\/div>\n<\/p><\/div>\n<\/div>\n","protected":false},"excerpt":{"rendered":"<p>Der Legende nach begann das t\u00fcrkische \u00d6lringen, \u00abYa\u011fl\u0131 G\u00fcre\u015f\u00bb, mit der Eroberung des Territoriums von Rumelien durch die Osmanen. Mit Rumelien (t\u00fcrkisch \u00abRumeli\u00bb etwa \u00abLand der Rhom\u00e4er\u00bb oder \u00abRhom\u00e4erland\u00bb) bezeichneten die T\u00fcrken seit dem 15. Jahrhundert den europ\u00e4ischen, auf der Balkanhalbinsel gelegenen Teil des Osmanischen Reiches. Um das Jahr 1346 sandte der damalige erste osmanische [&hellip;]<\/p>\n","protected":false},"author":1,"featured_media":0,"parent":0,"menu_order":0,"comment_status":"closed","ping_status":"closed","template":"","meta":{"footnotes":""},"class_list":["post-35","page","type-page","status-publish","hentry"],"translation":{"provider":"WPGlobus","version":"3.0.2","language":"hi","enabled_languages":["de","tr","en","es","br","fr","it","ar","ru","zh","ko","hi","ja"],"languages":{"de":{"title":true,"content":true,"excerpt":false},"tr":{"title":true,"content":false,"excerpt":false},"en":{"title":true,"content":false,"excerpt":false},"es":{"title":true,"content":false,"excerpt":false},"br":{"title":true,"content":false,"excerpt":false},"fr":{"title":true,"content":false,"excerpt":false},"it":{"title":true,"content":false,"excerpt":false},"ar":{"title":true,"content":false,"excerpt":false},"ru":{"title":true,"content":false,"excerpt":false},"zh":{"title":true,"content":false,"excerpt":false},"ko":{"title":true,"content":false,"excerpt":false},"hi":{"title":true,"content":false,"excerpt":false},"ja":{"title":true,"content":false,"excerpt":false}}},"aioseo_notices":[],"_links":{"self":[{"href":"https:\/\/menofwrestling.com\/hi\/wp-json\/wp\/v2\/pages\/35","targetHints":{"allow":["GET"]}}],"collection":[{"href":"https:\/\/menofwrestling.com\/hi\/wp-json\/wp\/v2\/pages"}],"about":[{"href":"https:\/\/menofwrestling.com\/hi\/wp-json\/wp\/v2\/types\/page"}],"author":[{"embeddable":true,"href":"https:\/\/menofwrestling.com\/hi\/wp-json\/wp\/v2\/users\/1"}],"replies":[{"embeddable":true,"href":"https:\/\/menofwrestling.com\/hi\/wp-json\/wp\/v2\/comments?post=35"}],"version-history":[{"count":0,"href":"https:\/\/menofwrestling.com\/hi\/wp-json\/wp\/v2\/pages\/35\/revisions"}],"wp:attachment":[{"href":"https:\/\/menofwrestling.com\/hi\/wp-json\/wp\/v2\/media?parent=35"}],"curies":[{"name":"wp","href":"https:\/\/api.w.org\/{rel}","templated":true}]}}