{"id":21,"date":"2023-08-18T18:34:08","date_gmt":"2023-08-18T16:34:08","guid":{"rendered":"https:\/\/menofwrestling.com\/?page_id=21"},"modified":"2023-08-19T01:26:17","modified_gmt":"2023-08-18T23:26:17","slug":"cookies","status":"publish","type":"page","link":"https:\/\/menofwrestling.com\/hi\/cookies\/","title":{"rendered":"\u0915\u0941\u0915\u0940\u091c\u093c"},"content":{"rendered":"<div class=\"aex-wrapper\">\n<div class=\"aex-box special-post\">\n<p class=\"aex-p-cat-intro\">Cookies sind kleine Textdateien oder andere Speichertechnologien, die durch den von dir eingesetzten Browser auf deinem Endger\u00e4t abgelegt und gespeichert werden. Durch diese Cookies werden im individuellen Umfang bestimmte Informationen von dir, wie beispielsweise deine Browser- oder Standortdaten oder deine IP-Adresse, verarbeitet.<\/p>\n<\/p><\/div>\n<div class=\"blank80\"><\/div>\n<div class=\"aex-box\">\n\t\t<!-- MetaSlider 1328 not found -->\n\t<\/div>\n<div class=\"blank100\"><\/div>\n<div class=\"aex-box special-post\">\n<h3 data-aos=\"flip-right\" data-aos-duration=\"2000\">Zweck von Cookies<\/h3>\n<p>Durch diese Verarbeitung wird diese Website benutzerfreundlicher, effektiver und sicherer, da die Verarbeitung beispielsweise die Wiedergabe des Internetauftritts in unterschiedlichen Sprachen oder das Angebot einer Warenkorbfunktion erm\u00f6glicht.<\/p>\n<p>\t\tRechtsgrundlage dieser Verarbeitung ist Artikel 6 Absatz 1 lit b.) DSGVO, sofern diese Cookies Daten zur Vertragsanbahnung oder Vertragsabwicklung verarbeitet werden.<\/p>\n<p>\t\tFalls die Verarbeitung nicht der Vertragsanbahnung oder Vertragsabwicklung dient, liegt das berechtigte Interesse dieser Website in der Verbesserung der Funktionalit\u00e4t des Internetauftritts. Rechtsgrundlage ist hierf\u00fcr Artikel 6 Absatz 1 lit. f.) DSGVO.<\/p>\n<p>\t\tMit Schliessen deines Browsers werden diese Session-Cookies gel\u00f6scht.<\/p>\n<div class=\"blank50\"><\/div>\n<h3 data-aos=\"flip-right\" data-aos-duration=\"2000\">Individuelle Einstellungen<\/h3>\n<p>Du kannst jederzeit Cookies von bestimmten Funktionen auf der Website individuell einstellen. Bei Deaktivierung einzelner Cookies sind gewisse Funktionen nicht vollumf\u00e4nglich nutzbar.<\/p>\n<p>\t\tIm Folgenden zeigt dir der momentane Status an, ob Cookies aktiviert bzw. deaktiviert sind:<\/p>\n<style>.cmplz-status-accepted,.cmplz-status-denied {display: none;}<\/style>\n\t\t\t\t<script>\n\t\t\t\tdocument.addEventListener('cmplz_before_cookiebanner', function(){\n                    if (cmplz_has_consent('marketing')) {\n\t\t\t\t        document.querySelector('.cmplz-status-accepted').style.display = 'block';\n\t\t\t\t        document.querySelector('.cmplz-status-denied').style.display = 'none';\n\t\t\t\t    } else {\n\t\t\t\t\t\tdocument.querySelector('.cmplz-status-accepted').style.display = 'none';\n\t\t\t\t        document.querySelector('.cmplz-status-denied').style.display = 'block';\n\t\t\t\t\t\tdocument.querySelector('.cmplz-revoke-custom').setAttribute('disabled', true);\n\n\t\t\t\t    }\n                    document.addEventListener('click', e => {\n\t\t\t\t\t\tif ( e.target.closest('.cmplz-revoke-custom') ) {\n\t\t\t\t\t\t\tdocument.querySelector('.cmplz-revoke-custom').setAttribute('disabled', true);\n                            cmplz_set_banner_status('dismissed');\n\t\t\t\t\t\t}\n\t\t\t\t\t});\n                    document.addEventListener('click', e => {\n\t\t\t\t\t\tif ( e.target.closest('.cmplz-accept') ) {\n                            document.querySelector('.cmplz-status-accepted').style.display = 'block';\n\t\t\t\t        \tdocument.querySelector('.cmplz-status-denied').style.display = 'none';\n\t\t\t\t\t\t\tdocument.querySelector('.cmplz-revoke-custom').removeAttribute('disabled');\n\t\t\t\t\t\t}\n\t\t\t\t\t});\n\t\t\t\t});\n\t\t\t<\/script><button class=\"cmplz-deny cmplz-revoke-custom\">Widerrufen Sie Ihre Einstellungen<\/button>&nbsp;<span class=\"cmplz-status-accepted\">Current status: Accepted<\/span><span class=\"cmplz-status-denied\">Current status: Denied<\/span>\n<div class=\"blank50\"><\/div>\n<div id=\"cmplz-manage-consent-container-nojavascript\">You have loaded the Cookie Policy without javascript support.&nbsp;On AMP, you can use the manage consent button on the bottom of the page.<\/div><div id=\"cmplz-manage-consent-container\" name=\"cmplz-manage-consent-container\" class=\"cmplz-manage-consent-container\"><\/div>\n<div class=\"blank50\"><\/div>\n<div id=\"cmplz-cookies-overview\"><\/div>\n<div class=\"blank50\"><\/div>\n<h3 data-aos=\"flip-right\" data-aos-duration=\"1500\">Das Setzen von Cookies verhindern<\/h3>\n<p>Du kannst das Setzen von Cookies durch eine Einstellung in deinem Browser verhindern oder einschr\u00e4nken. Ebenfalls kannst du bereits gespeicherte Cookies jederzeit l\u00f6schen. Die hierf\u00fcr erforderlichen Schritte und Massnahmen h\u00e4ngen jedoch von deinem konkret genutzten Browser ab.<\/p>\n<p>\t\tBei Fragen hierzu nutzt du bitte am besten die Hilfefunktion oder Dokumentation deines Browsers oder wendest dich an dessen Hersteller bzw. an dessen Support.<\/p>\n<p>\t\tBei sogenannten Flash-Cookies kann die Verarbeitung allerdings nicht \u00fcber die Einstellungen des Browsers unterbunden werden. Stattdessen musst du insoweit die Einstellung deines Flash-Players \u00e4ndern. Auch die hierf\u00fcr erforderlichen Schritte und Massnahmen h\u00e4ngen von deinem konkret genutzten Flash-Player ab. Bei Fragen benutzt du bitte am besten ebenso die Hilfefunktion oder Dokumentation deines Flash-Players oder wendest dich an den Hersteller bzw. an dessen Support.<\/p>\n<p>\t\tSolltest du jedoch das Setzen bzw. die Installation der Cookies verhindern oder einschr\u00e4nken, kann dies allerdings dazu f\u00fchren, dass nicht s\u00e4mtliche Funktionen dieser Website vollumf\u00e4nglich nutzbar sind!<\/p>\n<p>\t\tJe nach Art der Cookies und deren Zweck werden diese entweder 11 oder 14 Monate gespeichert. Bei deinem ersten Besuch dieser Website hast du die M\u00f6glichkeit, selber dar\u00fcber zu bestimmen, welche Cookies von dir aktiviert oder deaktiviert werden sollen. Einige Cookies k\u00f6nnen nicht deaktiviert werden, weil diese f\u00fcr diese Website und dessen Funktionalit\u00e4t essentiell sind.<\/p>\n<p>\t\tDu kannst einzelne Cookies oder den gesamten Cookie-Bestand l\u00f6schen. Dar\u00fcber hinaus erh\u00e4lst du Informationen und Anleitungen, wie diese Cookies gel\u00f6scht oder deren Speicherung vorab blockiert werden k\u00f6nnen. Je nach Anbieter deines Browsers findest du die notwendigen Informationen unter den nachfolgenden Links:<\/p>\n<div class=\"aex-imprint-table\">\n<div class=\"aex-imprint-table-sub\">\n<div class=\"aex-imprint-table-sub-left\">&bull; <\/div>\n<div class=\"aex-imprint-table-sub-right\">\n\t\t\t\t\tApple Safari<br \/>\n\t\t\t\t\t<a href=\"https:\/\/support.apple.com\/kb\/PH17191?locale=de_DE&#038;viewlocale=de_DE\" target=\"_blank\" rel=\"noopener\">https:\/\/support.apple.com\/kb\/PH17191?locale=de_DE&#038;viewlocale=de_DE<\/a>.\n\t\t\t\t<\/div>\n<\/p><\/div>\n<div class=\"aex-imprint-table-sub\">\n<div class=\"aex-imprint-table-sub-left\">&bull; <\/div>\n<div class=\"aex-imprint-table-sub-right\">\n\t\t\t\t\tGoogle Chrome<br \/>\n\t\t\t\t\t<a href=\"https:\/\/support.google.com\/accounts\/answer\/61416?hl=de\" target=\"_blank\" rel=\"noopener\">https:\/\/support.google.com\/accounts\/answer\/61416?hl=de<\/a>.\n\t\t\t\t<\/div>\n<\/p><\/div>\n<div class=\"aex-imprint-table-sub\">\n<div class=\"aex-imprint-table-sub-left\">&bull; <\/div>\n<div class=\"aex-imprint-table-sub-right\">\n\t\t\t\t\tInternet Explorer<br \/>\n\t\t\t\t\t<a href=\"https:\/\/support.microsoft.com\/de-de\/help\/17442\/windows-internet-explorer-delete-manage-cookies\" target=\"_blank\" rel=\"noopener\">https:\/\/support.microsoft.com\/de-de\/help\/17442\/windows-internet-explorer-delete-manage-cookies<\/a>.\n\t\t\t\t<\/div>\n<\/p><\/div>\n<div class=\"aex-imprint-table-sub\">\n<div class=\"aex-imprint-table-sub-left\">&bull; <\/div>\n<div class=\"aex-imprint-table-sub-right\">\n\t\t\t\t\tMozilla Firefox<br \/>\n\t\t\t\t\t<a href=\"https:\/\/support.mozilla.org\/de\/kb\/cookies-loeschen-daten-von-websites-entfernen\/\" target=\"_blank\" rel=\"noopener\">https:\/\/support.mozilla.org\/de\/kb\/cookies-loeschen-daten-von-websites-entfernen<\/a>.\n\t\t\t\t<\/div>\n<\/p><\/div>\n<div class=\"aex-imprint-table-sub\">\n<div class=\"aex-imprint-table-sub-left\">&bull; <\/div>\n<div class=\"aex-imprint-table-sub-right\">\n\t\t\t\t\tOpera<br \/>\n\t\t\t\t\t<a href=\"http:\/\/www.opera.com\/de\/help\" target=\"_blank\" rel=\"noopener\">http:\/\/www.opera.com\/de\/help<\/a>.\n\t\t\t\t<\/div>\n<\/p><\/div>\n<\/p><\/div>\n<div class=\"blank50\"><\/div>\n<h3 data-aos=\"flip-right\" data-aos-duration=\"1500\">Affilinet-Tracking-Cookies<\/h3>\n<p>Gegenw\u00e4rtig werden keine Dienste vom Affilinet-Netzwerk auf dieser Website genutzt bzw. Cookies von diesem eingesetzt. Falls jedoch zu gegebener Zeit dieser Dienst in Anspruch genommen werden sollte, gilt das Folgende:<\/p>\n<p>\t\tAuf dieser Website werden Angebote und Leistungen Dritter beworben. Sofern du aufgrund von Werbung, befindlich auf diesen Seiten, f\u00fcr diese Drittangebote einen Vertrag mit dem Drittanbieter schliesst, erh\u00e4lt der Betreiber dieser Website hierf\u00fcr eine Provision.<\/p>\n<p>\t\tUm die erfolgreiche Vermittlung korrekt erfassen zu k\u00f6nnen, setzt diese Website das sogenannte Affilinet-Tracking-Cookie ein. Dieses Cookie speichert aber keine deiner personenbezogenen Daten. Es wird lediglich die Identifikationsnummer von dieser Website als vermittelnder Anbieter sowie die Ordnungsnummer des von dir angeklickten Werbemittels (beispielsweise eines Banners oder eines Textlinks) erfasst. Diese Informationen werden von dieser Website zum Zwecke der Zahlungsabwicklung bzw. Auszahlung seiner Provisionen ben\u00f6tigt.<\/p>\n<p>\t\tFalls du mit dieser Verarbeitung nicht einverstanden bist, hast du die M\u00f6glichkeit, die Speicherung der Cookies durch eine Einstellung in deinem Browser zu verhindern oder diese Cookies im Cookie-Fenster bei deinem ersten Besuch dieser Website zu deaktivieren.<\/p>\n<div class=\"blank50\"><\/div>\n<h3 data-aos=\"flip-right\" data-aos-duration=\"1500\">Facebook Pixel<\/h3>\n<p>Der Betreiber dieser Website m\u00f6chte besonders hervorheben, dass der Webanalysedienst von Facebook, mit dem Namen Facebook Pixel, auf diesen Webseiten nicht eingesetzt wird, damit deine Besuche dieser Website nicht direkt oder indirekt getrackt werden k\u00f6nnen.<\/p>\n<\/p><\/div>\n<\/div>\n","protected":false},"excerpt":{"rendered":"<p>Cookies sind kleine Textdateien oder andere Speichertechnologien, die durch den von dir eingesetzten Browser auf deinem Endger\u00e4t abgelegt und gespeichert werden. Durch diese Cookies werden im individuellen Umfang bestimmte Informationen von dir, wie beispielsweise deine Browser- oder Standortdaten oder deine IP-Adresse, verarbeitet. Zweck von Cookies Durch diese Verarbeitung wird diese Website benutzerfreundlicher, effektiver und sicherer, [&hellip;]<\/p>\n","protected":false},"author":1,"featured_media":0,"parent":0,"menu_order":0,"comment_status":"closed","ping_status":"closed","template":"","meta":{"footnotes":""},"class_list":["post-21","page","type-page","status-publish","hentry"],"translation":{"provider":"WPGlobus","version":"3.0.2","language":"hi","enabled_languages":["de","tr","en","es","br","fr","it","ar","ru","zh","ko","hi","ja"],"languages":{"de":{"title":true,"content":true,"excerpt":false},"tr":{"title":true,"content":false,"excerpt":false},"en":{"title":true,"content":false,"excerpt":false},"es":{"title":true,"content":false,"excerpt":false},"br":{"title":true,"content":false,"excerpt":false},"fr":{"title":true,"content":false,"excerpt":false},"it":{"title":true,"content":false,"excerpt":false},"ar":{"title":true,"content":false,"excerpt":false},"ru":{"title":true,"content":false,"excerpt":false},"zh":{"title":true,"content":false,"excerpt":false},"ko":{"title":true,"content":false,"excerpt":false},"hi":{"title":true,"content":false,"excerpt":false},"ja":{"title":true,"content":false,"excerpt":false}}},"aioseo_notices":[],"_links":{"self":[{"href":"https:\/\/menofwrestling.com\/hi\/wp-json\/wp\/v2\/pages\/21","targetHints":{"allow":["GET"]}}],"collection":[{"href":"https:\/\/menofwrestling.com\/hi\/wp-json\/wp\/v2\/pages"}],"about":[{"href":"https:\/\/menofwrestling.com\/hi\/wp-json\/wp\/v2\/types\/page"}],"author":[{"embeddable":true,"href":"https:\/\/menofwrestling.com\/hi\/wp-json\/wp\/v2\/users\/1"}],"replies":[{"embeddable":true,"href":"https:\/\/menofwrestling.com\/hi\/wp-json\/wp\/v2\/comments?post=21"}],"version-history":[{"count":0,"href":"https:\/\/menofwrestling.com\/hi\/wp-json\/wp\/v2\/pages\/21\/revisions"}],"wp:attachment":[{"href":"https:\/\/menofwrestling.com\/hi\/wp-json\/wp\/v2\/media?parent=21"}],"curies":[{"name":"wp","href":"https:\/\/api.w.org\/{rel}","templated":true}]}}