{"id":67,"date":"2023-09-23T19:47:57","date_gmt":"2023-09-23T17:47:57","guid":{"rendered":"https:\/\/menofwrestling.com\/passwort-vergessen\/"},"modified":"2023-09-23T19:47:57","modified_gmt":"2023-09-23T17:47:57","slug":"passwort-vergessen","status":"publish","type":"page","link":"https:\/\/menofwrestling.com\/fr\/passwort-vergessen\/","title":{"rendered":"Passwort vergessen"},"content":{"rendered":"<div class=\"pmagic\">  \n <div class=\"pm-login-box pm-dbfl pm-border pm-radius5\"> \n\n \n \n <form id=\"lostpasswordform\" class=\"pmagic-form pm-dbfl pm-bg-lt\"\n       action=\"https:\/\/menofwrestling.com\/fr\/aexaexaex\/?action=lostpassword\" method=\"post\">\n\n     <input type=\"hidden\" name=\"pm_password_nonce\" value=\"5e7af69ba6\" \/>\n     <div class=\"pm-login-header pm-dbfl pm-bg pm-border-bt pm-pad10\">\n         Si vous avez perdu votre mot de passe, nous pouvons vous aider \u00e0 le r\u00e9initialiser. Pour lancer le processus de r\u00e9initialisation du mot de passe, veuillez entrer votre nom d&#039;utilisateur ou votre email dans la case ci-dessous et cliquer sur le bouton.     <\/div>\n\n     <input type=\"text\" \n            name=\"user_login\" \n            id=\"user_login\" \n            placeholder=\"Identifiant ou adresse e-mail\">\n\n     <div class=\"pm-login-box-bottom-container pm-dbfl pm-bg pm-border\">\n         <input type=\"submit\" name=\"submit\" class=\"lostpassword-button\"\n                value=\"Modifier le mot de passe\"\/>\n     <\/div>\n\n <\/form>\n\n \n <\/div>\n<\/div>\n\n","protected":false},"excerpt":{"rendered":"","protected":false},"author":1,"featured_media":0,"parent":0,"menu_order":0,"comment_status":"closed","ping_status":"closed","template":"","meta":{"footnotes":""},"class_list":["post-67","page","type-page","status-publish","hentry"],"translation":{"provider":"WPGlobus","version":"3.0.2","language":"fr","enabled_languages":["de","tr","en","es","br","fr","it","ar","ru","zh","ko","hi","ja"],"languages":{"de":{"title":true,"content":true,"excerpt":false},"tr":{"title":false,"content":false,"excerpt":false},"en":{"title":false,"content":false,"excerpt":false},"es":{"title":false,"content":false,"excerpt":false},"br":{"title":false,"content":false,"excerpt":false},"fr":{"title":false,"content":false,"excerpt":false},"it":{"title":false,"content":false,"excerpt":false},"ar":{"title":false,"content":false,"excerpt":false},"ru":{"title":false,"content":false,"excerpt":false},"zh":{"title":false,"content":false,"excerpt":false},"ko":{"title":false,"content":false,"excerpt":false},"hi":{"title":false,"content":false,"excerpt":false},"ja":{"title":false,"content":false,"excerpt":false}}},"aioseo_notices":[],"_links":{"self":[{"href":"https:\/\/menofwrestling.com\/fr\/wp-json\/wp\/v2\/pages\/67","targetHints":{"allow":["GET"]}}],"collection":[{"href":"https:\/\/menofwrestling.com\/fr\/wp-json\/wp\/v2\/pages"}],"about":[{"href":"https:\/\/menofwrestling.com\/fr\/wp-json\/wp\/v2\/types\/page"}],"author":[{"embeddable":true,"href":"https:\/\/menofwrestling.com\/fr\/wp-json\/wp\/v2\/users\/1"}],"replies":[{"embeddable":true,"href":"https:\/\/menofwrestling.com\/fr\/wp-json\/wp\/v2\/comments?post=67"}],"version-history":[{"count":0,"href":"https:\/\/menofwrestling.com\/fr\/wp-json\/wp\/v2\/pages\/67\/revisions"}],"wp:attachment":[{"href":"https:\/\/menofwrestling.com\/fr\/wp-json\/wp\/v2\/media?parent=67"}],"curies":[{"name":"wp","href":"https:\/\/api.w.org\/{rel}","templated":true}]}}