{"id":50,"date":"2023-08-19T01:12:51","date_gmt":"2023-08-18T23:12:51","guid":{"rendered":"https:\/\/menofwrestling.com\/?page_id=50"},"modified":"2023-08-19T01:12:51","modified_gmt":"2023-08-18T23:12:51","slug":"definitions","status":"publish","type":"page","link":"https:\/\/menofwrestling.com\/fr\/definitions\/","title":{"rendered":"D\u00e9finitions"},"content":{"rendered":"<div class=\"aex-box left\">\n<article>\n<div class=\"blank10\"><\/div>\n<h2 class=\"text-none\" data-aos=\"flip-up\" data-aos-duration=\"2000\">In Zusammenhang mit \u203aYa\u011fl\u0131 G\u00fcre\u015f\u2039 (\u00d6lringen) h\u00f6rt man viele Ausdr\u00fccke. Zus\u00e4tzlich gibt es viele Begriffe f\u00fcr diverse Hebel- und Kampftechniken. Dieses Lexikon soll dir helfen, das t\u00fcrkische \u00d6lringen besser zu verstehen.<\/h2>\n<div class=\"blank10\"><\/div>\n<p><strong>\u203aYa\u011fl\u0131 G\u00fcre\u015f\u2039<\/strong> (Singular) bedeutet soviel wie <strong>\u203adas \u00f6lige Ringen\u2039<\/strong>. Die Mehrzahl <strong>\u203aYa\u011fl\u0131 G\u00fcre\u015fler\u2039<\/strong>, steht f\u00fcr <strong>\u203a\u00f6lige K\u00e4mpfe\u2039<\/strong>. Einzelne Ringer und K\u00e4mpfer nennt man <strong>\u203aPehlivan\u2039<\/strong>. <strong>\u203aPehlivan\u2039<\/strong> ist ein Singular und die Bedeutung findest du weiter unten. Demnach steht das Wort <strong>\u203aPehlivanlar\u2039<\/strong> (t\u00fcrkische Mehrzahl) f\u00fcr alle K\u00e4mpfer und Ringer.<\/p>\n<div class=\"blank50\"><\/div>\n<h3>Pehlivan<\/h3>\n<p><strong>\u203aPehlivan\u2039<\/strong> ist urspr\u00fcnglich ein persisches Wort, das normalerweise \u203amutig\u2039 bedeutet, aber es hat auch eine Reihe von weiteren Bedeutungen. Offizier, Gouverneur, ein physisch grosser Mann oder eine Person, die die Wahrheit sagt, sind weitere Definitionen dieses Begriffes.<\/p>\n<p>\t\tIm Laufe der Geschichte wurde das Wort mit einer Vielzahl von Bedeutungen verwendet. Die Seldschuken verwendeten das Wort, um sich auf heldenhafte Krieger, versierte Sch\u00fctzen und Ringer zu beziehen. Im 16. Jahrhundert wurde es ausschliesslich f\u00fcr Sportler verwendet und diese Praxis setzte sich bis zum Ende der Regierungszeit von Sultan Mahmut II. fort. Die t\u00fcrkische Gesellschaft respektiert Ringer f\u00fcr ihre Tradition und Kultur. Heldentum, Heroismus und das Sein eines Kriegers, sind weitere Eigenschaften, die den Ringern zugesprochen werden.<\/p>\n<p>\t\tEin \u203aPehlivan\u2039 wird als k\u00f6rperlich st\u00e4rker als alle anderen empfunden und generell f\u00fcr muskul\u00f6s und gesund gehalten. Sie haben einen wahren starken Charakter.<\/p>\n<p>\t\tIm Rahmen von Veranstaltungen wurden in der osmanischen Zeit Wettbewerbe im Wrestling gehalten. Oftmals dienten und dienen diese Wettbewerbe weiterhin daf\u00fcr, um Geld und Spenden f\u00fcr wohlt\u00e4tige Zwecke zu sammeln.<\/p>\n<div class=\"blank10\"><\/div>\n<div class=\"blank300\"><\/div>\n<\/article>\n<\/div>\n","protected":false},"excerpt":{"rendered":"<p>In Zusammenhang mit \u203aYa\u011fl\u0131 G\u00fcre\u015f\u2039 (\u00d6lringen) h\u00f6rt man viele Ausdr\u00fccke. Zus\u00e4tzlich gibt es viele Begriffe f\u00fcr diverse Hebel- und Kampftechniken. Dieses Lexikon soll dir helfen, das t\u00fcrkische \u00d6lringen besser zu verstehen. \u203aYa\u011fl\u0131 G\u00fcre\u015f\u2039 (Singular) bedeutet soviel wie \u203adas \u00f6lige Ringen\u2039. Die Mehrzahl \u203aYa\u011fl\u0131 G\u00fcre\u015fler\u2039, steht f\u00fcr \u203a\u00f6lige K\u00e4mpfe\u2039. Einzelne Ringer und K\u00e4mpfer nennt man \u203aPehlivan\u2039. [&hellip;]<\/p>\n","protected":false},"author":1,"featured_media":0,"parent":0,"menu_order":0,"comment_status":"closed","ping_status":"closed","template":"","meta":{"footnotes":""},"class_list":["post-50","page","type-page","status-publish","hentry"],"translation":{"provider":"WPGlobus","version":"3.0.2","language":"fr","enabled_languages":["de","tr","en","es","br","fr","it","ar","ru","zh","ko","hi","ja"],"languages":{"de":{"title":true,"content":true,"excerpt":false},"tr":{"title":true,"content":true,"excerpt":false},"en":{"title":true,"content":true,"excerpt":false},"es":{"title":true,"content":false,"excerpt":false},"br":{"title":true,"content":false,"excerpt":false},"fr":{"title":true,"content":false,"excerpt":false},"it":{"title":true,"content":false,"excerpt":false},"ar":{"title":true,"content":false,"excerpt":false},"ru":{"title":true,"content":false,"excerpt":false},"zh":{"title":true,"content":false,"excerpt":false},"ko":{"title":true,"content":false,"excerpt":false},"hi":{"title":true,"content":false,"excerpt":false},"ja":{"title":true,"content":false,"excerpt":false}}},"aioseo_notices":[],"_links":{"self":[{"href":"https:\/\/menofwrestling.com\/fr\/wp-json\/wp\/v2\/pages\/50","targetHints":{"allow":["GET"]}}],"collection":[{"href":"https:\/\/menofwrestling.com\/fr\/wp-json\/wp\/v2\/pages"}],"about":[{"href":"https:\/\/menofwrestling.com\/fr\/wp-json\/wp\/v2\/types\/page"}],"author":[{"embeddable":true,"href":"https:\/\/menofwrestling.com\/fr\/wp-json\/wp\/v2\/users\/1"}],"replies":[{"embeddable":true,"href":"https:\/\/menofwrestling.com\/fr\/wp-json\/wp\/v2\/comments?post=50"}],"version-history":[{"count":0,"href":"https:\/\/menofwrestling.com\/fr\/wp-json\/wp\/v2\/pages\/50\/revisions"}],"wp:attachment":[{"href":"https:\/\/menofwrestling.com\/fr\/wp-json\/wp\/v2\/media?parent=50"}],"curies":[{"name":"wp","href":"https:\/\/api.w.org\/{rel}","templated":true}]}}