{"id":19,"date":"2023-08-18T18:28:42","date_gmt":"2023-08-18T16:28:42","guid":{"rendered":"https:\/\/menofwrestling.com\/?page_id=19"},"modified":"2023-08-18T19:20:35","modified_gmt":"2023-08-18T17:20:35","slug":"imprint","status":"publish","type":"page","link":"https:\/\/menofwrestling.com\/es\/imprint\/","title":{"rendered":"Huella"},"content":{"rendered":"<div class=\"aex-box-content\">\n<h2 data-aos=\"zoom-in\" data-aos-duration=\"1800\">\u00abMen of Wrestling | Turkish Oil Wrestling\u00bb ist eine private kostenfreie Website, die Informationen und Inhalte \u00fcber den t\u00fcrkischen Nationalsport \u00abYa\u011fl\u0131 G\u00fcre\u015f\u00bb (\u00d6lringen) f\u00fcr seine Besucher bereit h\u00e4lt und anbietet.<\/h2>\n<p>Zum Kampf treten stets zwei Ringer gegeneinander an. Zum \u00abYa\u011fl\u0131 G\u00fcre\u015f\u00bb reiben sich die K\u00e4mpfer von Kopf bis Fuss mit Oliven\u00f6l ein. Durch das Einreiben und das Schmieren von \u00d6l auf die Haut, wird das Einsetzen von Hebeln und Griffen f\u00fcr die \u00d6lringer extrem erschwert. <\/p>\n<p>\tMit \u00abMen of Wrestling\u00bb m\u00f6chte ich meinen Besuchern dieser Website diese interessante t\u00fcrkische M\u00e4nnerkampfsportart n\u00e4her bringen. Erfahre mehr \u00fcber diesen Sport und dessen Athleten. Bleibe auf dem Laufendem und sehe neue Videos von spannenden K\u00e4mpfen und einzigartigen Kampftechniken. Neben Kunstgalerien mit Bildern von Athleten bietet \u00abMen of Wrestling\u00bb seinen Nutzern eine Community und ein Forum an, in denen die Nutzer \u00fcber tagesaktuelle Sportthemen diskutieren und sich austauschen k\u00f6nnen. Um immer auf dem Laufenden bleiben zu k\u00f6nnen, runden aktuelle Punkte- und Ergebnistabellen das Angebot von \u00abMen of Wrestling\u00bb ab.<\/p>\n<p>\tDieses Impressum hat nicht nur f\u00fcr diese Website ihre G\u00fcltigkeit, sondern auch f\u00fcr Accounts in den sozialen Medien, in denen \u00abMen of Wrestling\u00bb offiziell pr\u00e4sent ist.<\/p>\n<div class=\"blank150\"><\/div>\n<div class=\"aex-box-imprint\">\n<h3 data-aos=\"flip-right\" data-aos-duration=\"1800\">00. | Gliederung dieses Impressums<\/h3>\n<p>Dieses Impressum ist wie folgt gegliedert:<\/p>\n<div class=\"aex-imprint-table\">\n<div class=\"aex-imprint-table\">\n<div class=\"aex-imprint-table-left\">01. | <\/div>\n<div class=\"aex-imprint-table-right\"><a class=\"aex-imprint-link-title\" href=\"#imprint\" target=\"_self\">Verantwortlicher dieser Website und dieses Projekts<\/a><\/div>\n<\/p><\/div>\n<div class=\"aex-imprint-table\">\n<div class=\"aex-imprint-table-left\">02. | <\/div>\n<div class=\"aex-imprint-table-right\"><a class=\"aex-imprint-link-title\" href=\"#design\" target=\"_self\">Konzeption und Design<\/a><\/div>\n<\/p><\/div>\n<div class=\"aex-imprint-table\">\n<div class=\"aex-imprint-table-left\">03. | <\/div>\n<div class=\"aex-imprint-table-right\"><a class=\"aex-imprint-link-title\" href=\"#aex-social-media\" target=\"_self\">Men of Wrestling und Social Media<\/a><\/div>\n<\/p><\/div>\n<div class=\"aex-imprint-table\">\n<div class=\"aex-imprint-table-left\">04. | <\/div>\n<div class=\"aex-imprint-table-right\"><a class=\"aex-imprint-link-title\" href=\"#authority\" target=\"_self\">Aufsichtsbeh\u00f6rde<\/a><\/div>\n<\/p><\/div>\n<div class=\"aex-imprint-table\">\n<div class=\"aex-imprint-table-left\">05. | <\/div>\n<div class=\"aex-imprint-table-right\"><a class=\"aex-imprint-link-title\" href=\"#france\" target=\"_self\">Frankreich-Klausel<\/a><\/div>\n<\/p><\/div>\n<div class=\"aex-imprint-table\">\n<div class=\"aex-imprint-table-left\">06. | <\/div>\n<div class=\"aex-imprint-table-right\"><a class=\"aex-imprint-link-title\" href=\"#disclaimer\" target=\"_self\">Haftungsausschluss<\/a><\/div>\n<\/p><\/div>\n<div class=\"aex-imprint-table\">\n<div class=\"aex-imprint-table-left\">07. | <\/div>\n<div class=\"aex-imprint-table-right\"><a class=\"aex-imprint-link-title\" href=\"#copyright\" target=\"_self\">Urheberrecht<\/a><\/div>\n<\/p><\/div>\n<\/p><\/div>\n<\/p><\/div>\n<div class=\"blank150\"><\/div>\n<div class=\"blank50-imprint\" id=\"imprint\"><\/div>\n<div class=\"aex-box-imprint\">\n<h3 data-aos=\"flip-right\" data-aos-duration=\"1800\">01. | Verantwortlicher dieser Website und dieses Projekts<\/h3>\n<p>\u00abMen of Wrestling | Turkish Oil Wrestling\u00bb ist ein Projekt von<\/p>\n<div class=\"aex-box\">\n<div class=\"blank40\"><\/div>\n<p>\t\t\t<a href=\"https:\/\/aexraex.com\/de\/\" target=\"_blank\" title=\"Aexraex | The Pioneer \u2022 Digital Content Creation\"><img decoding=\"async\" class=\"aex-imprint-logo-aexraex\" data-aos=\"flip-right\" data-aos-duration=\"2500\" src=\"https:\/\/menofwrestling.com\/com\/images\/logos\/logo001-aexraex-digital-content-creation-black.png\" alt=\"Aexraex | The Pioneer \u2022 Digital Content Creation\"><\/a>\n\t\t<\/div>\n<div class=\"aex-box\">\n\t\t\tAexraex | The Pioneer<br \/>\n\t\t\tDigital Content Creation\n\t\t<\/div>\n<div class=\"blank70\"><\/div>\n<div class=\"aex-box\">\n\t\t\t<a href=\"https:\/\/menofwrestling.com\/de\/\" target=\"_self\" title=\"Men of Wrestling | Turkish Oil Wrestling\"><img decoding=\"async\" class=\"aex-imprint-logo-aexraex\" data-aos=\"flip-right\" data-aos-duration=\"2500\" src=\"https:\/\/menofwrestling.com\/com\/images\/logos\/logo001-men-wof-wrestling-turkish-oil-wrestling.png\" alt=\"Men of Wrestling | Turkish Oil Wrestling\"><\/a>\n\t\t<\/div>\n<div class=\"aex-box\">\n\t\t\tMen of Wrestling<br \/>\n\t\t\tTurkish Oil Wrestling<\/p>\n<div class=\"blank50\"><\/div>\n<p>\t\t\tAttila Cavus<br \/>\n\t\t\tPostfach 10 13 15<br \/>\n\t\t\t40004 D\u00fcsseldorf<br \/>\n\t\t\tDeutschland<br \/>\n\t\t\tEurop\u00e4ische Union\n\t\t<\/p><\/div>\n<p>\t\t<strong>Offizielle Website<\/strong><br \/>\n\t\t<a class=\"aex-imprint-links\" href=\"https:\/\/menofwrestling.com\/de\/\" target=\"_self\">menofwrestling.com<\/a><\/p>\n<p>\t\t<strong>Impressum<\/strong><br \/>\n\t\t<a class=\"aex-imprint-links\" href=\"https:\/\/menofwrestling.com\/de\/imprint\/\" target=\"_self\">menofwrestling.com\/de\/imprint\/<\/a><\/p>\n<p>\t\t<strong>Datenschutzerkl\u00e4rung<\/strong><br \/>\n\t\t<a class=\"aex-imprint-links\" href=\"https:\/\/menofwrestling.com\/de\/privacy-policy\/\" target=\"_self\">menofwrestling.com\/de\/privacy-policy\/<\/a><\/p>\n<p>\t\t<strong>Nutzungsbedingungen<\/strong><br \/>\n\t\t<a class=\"aex-imprint-links\" href=\"https:\/\/menofwrestling.com\/de\/terms-of-use\/\" target=\"_self\">menofwrestling.com\/de\/terms-of-use\/<\/a><\/p>\n<p>\t\t<strong>Ressourcen<\/strong><br \/>\n\t\t<a class=\"aex-imprint-links\" href=\"https:\/\/menofwrestling.com\/de\/resources\/\" target=\"_self\">menofwrestling.com\/de\/resources\/<\/a><\/p>\n<p>\t\t<strong>Ressourcen | Photographen und Athleten<\/strong><br \/>\n\t\t<a class=\"aex-imprint-links\" href=\"https:\/\/menofwrestling.com\/de\/resources-photographers-and-athletes\/\" target=\"_self\">menofwrestling.com\/de\/resources-photographers-and-athletes\/<\/a><\/p>\n<p>\t\t<strong>E-Mail<\/strong><br \/>\n\t\t<a class=\"aex-imprint-links\" href=\"mailto:info@menofwrestling.com\">info@menofwrestling.com<\/a><\/p>\n<p>\t\t<strong>Kontakt<\/strong><br \/>\n\t\t<a class=\"aex-imprint-links\" href=\"https:\/\/menofwrestling.com\/de\/contact\/\" target=\"_self\">Kontaktformular<\/a><\/p>\n<div class=\"blank100\"><\/div>\n<p>Umsatzsteuer-Identifikationsnummer gem\u00e4ss \u00a727a Umsatzsteuergesetz:<br \/>\n\t\tUStG 106\/5050\/4660<\/p>\n<p>\t\tKein Umsatzsteuerausweis aufgrund Anwendung der Kleinunternehmerregelung gem\u00e4ss \u00a719 Umsatzsteuergesetz.<\/p>\n<p>\t\tAngaben gem\u00e4ss \u00a75 TMG und Verantwortlicher dieser Website und dieses Projekts ist<br \/>\n\t\tAttila Cavus<\/p>\n<p>\t\tDas Eleven Network besteht aus (non-)kommerziellen Projekten, die von Attila Cavus als Privatperson bzw. \u00abAexraex | The Pioneer\u00bb konzipiert, realisiert und betreut werden. Der Betreiber deklariert \u00abMen of Wrestling\u00bb als nonkommerzielles Projekt, weil keine Gewinnabsichten hinter diesem Projekt stecken. Unter Umst\u00e4nden k\u00f6nnen an gewissen Stellen Banner von Google Ads platziert sein, um die Kosten f\u00fcr das Betreiben dieses Projekts, der Domain und des Servers decken zu k\u00f6nnen.<\/p>\n<p>\t\tFalls du \u00abMen of Wrestling\u00bb interessant findest und von diesem Projekt begeistert bist, kannst du gerne dieses Projekt auch finanziell unterst\u00fctzen. Per PayPal kannst du gerne deine Spende an folgende Adresse senden: <a class=\"aex-imprint-links\" class=\"aex-imprint-links\" href=\"mailto:info@menofwrestling.com\">info@menofwrestling.com<\/a><\/p>\n<p>\t\t\u00abMen of Wrestling\u00bb m\u00f6chte sich bei allen Athleten dieses Projekts, Fans und Usern, Photographen, Fanbeauftragten, Vereinen, Bild- und Sportagenturen herzlichst f\u00fcr die gute Zusammenarbeit bedanken.<\/p>\n<p>\t\tDanke!<\/p>\n<\/p><\/div>\n<div class=\"blank150\"><\/div>\n<div class=\"blank50-imprint\" id=\"design\"><\/div>\n<div class=\"aex-box-imprint\">\n<h3 data-aos=\"flip-right\" data-aos-duration=\"1800\">02. | Konzeption und Design<\/h3>\n<p>Diese Website von \u00abMen of Wrestling\u00bb wurde erstellt von<\/p>\n<div class=\"blank70\"><\/div>\n<div class=\"aex-box\">\n\t\t\t<a href=\"https:\/\/menofwrestling.com\/de\/\" target=\"_blank\" title=\"Aexraex | The Pioneer \u2022 Digital Content Creation\"><img decoding=\"async\" class=\"aex-imprint-logo-aexraex\" data-aos=\"flip-right\" data-aos-duration=\"2500\" src=\"https:\/\/menofwrestling.com\/com\/images\/logos\/logo001-aexraex-digital-content-creation-black.png\" alt=\"Aexraex | The Pioneer \u2022 Digital Content Creation\"><\/a>\n\t\t<\/div>\n<div class=\"aex-box\">\n\t\t\tAexraex | The Pioneer<br \/>\n\t\t\tDigital Content Creation<\/p>\n<div class=\"blank50\"><\/div>\n<p>\t\t\tAexraex | The Pioneer<br \/>\n\t\t\tAttila Cavus<br \/>\n\t\t\tPostfach 10 13 15<br \/>\n\t\t\t40004 D\u00fcsseldorf<br \/>\n\t\t\tDeutschland<br \/>\n\t\t\tEurop\u00e4ische Union\n\t\t<\/p><\/div>\n<p>\t\t<strong>Offizielle Website<\/strong><br \/>\n\t\t<a class=\"aex-imprint-links\" href=\"https:\/\/aexraex.com\/de\/\" target=\"_blank\">aexraex.com<\/a><\/p>\n<p>\t\t<strong>Impressum<\/strong><br \/>\n\t\t<a class=\"aex-imprint-links\" href=\"https:\/\/aexraex.com\/de\/imprint\/\" target=\"_blank\">aexraex.com\/de\/imprint\/<\/a><\/p>\n<p>\t\t<strong>Datenschutzerkl\u00e4rung<\/strong><br \/>\n\t\t<a class=\"aex-imprint-links\" href=\"https:\/\/aexraex.com\/de\/privacy-policy\/\" target=\"_blank\">aexraex.com\/de\/privacy-policy\/<\/a><\/p>\n<p>\t\t<strong>Ressourcen<\/strong><br \/>\n\t\t<a class=\"aex-imprint-links\" href=\"https:\/\/aexraex.com\/de\/resources\/\" target=\"_blank\">aexraex.com\/de\/resources\/<\/a><\/p>\n<p>\t\t<strong>E-Mail<\/strong><br \/>\n\t\t<a class=\"aex-imprint-links\" href=\"mailto:info@aexraex.com\">info@aexraex.com<\/a><\/p>\n<p>\t\t<strong>Kontakt<\/strong><br \/>\n\t\t<a class=\"aex-imprint-links\" href=\"https:\/\/aexraex.com\/de\/contact\/\" target=\"_blank\">Kontaktformular<\/a>\n\t<\/div>\n<div class=\"blank150\"><\/div>\n<div class=\"blank50-imprint\" id=\"aex-social-media\"><\/div>\n<div class=\"aex-box-imprint\">\n<h3 data-aos=\"flip-right\" data-aos-duration=\"1800\">03. | Men of Wrestling und Social Media<\/h3>\n<p>Verpasse nichts! Erfahre mehr \u00fcber neue Athleten, die neuesten \u00e4sthetischsten Bilder und Besonderheiten in der Community und bleibe stets auf dem Laufenden:<\/p>\n<div class=\"blank10\"><\/div>\n<div class=\"aex-imprint-table\">\n<div class=\"aex-imprint-table-sub\">\n<div class=\"aex-imprint-table-sub-left\">&bull;<\/div>\n<div class=\"aex-imprint-table-sub-right\">INSTAGRAM<br \/>\n\t\t\t\t<a class=\"aex-imprint-links\" href=\"https:\/\/instagram.com\/menofwrestling.official\/\" target=\"_blank\">@menofwrestling.official<\/a><\/div>\n<\/p><\/div>\n<\/p><\/div>\n<div class=\"blank30\"><\/div>\n<p>Des Weiteren m\u00f6chte der Betreiber dieses Projekts betonen, dass er ausser den oben aufgef\u00fchrten Social Media-Kan\u00e4len keine weiteren Kan\u00e4le betreibt.<\/p>\n<\/p><\/div>\n<div class=\"blank150\"><\/div>\n<div class=\"blank50-imprint\" id=\"authority\"><\/div>\n<div class=\"aex-box-imprint\">\n<h3 data-aos=\"flip-right\" data-aos-duration=\"1800\">04. | Aufsichtsbeh\u00f6rde<\/h3>\n<p>Landratsamt D\u00fcsseldorf<\/p>\n<p>\t\tDie Europ\u00e4ische Kommission stellt eine Plattform zur Online-Streitbeilegung (OS) bereit:<br \/>\n\t\t<a class=\"aex-imprint-links\" href=\"https:\/\/ec.europa.eu\/consumers\/odr\/main\/index.cfm?event=main.home.chooseLanguage\" target=\"_blank\">https:\/\/ec.europa.eu\/consumers\/odr\/main\/index.cfm?event=main.home.chooseLanguage<\/a><\/p>\n<p>\t\t\u00abMen of Wrestling\u00bb ist nicht bereit oder verpflichtet, an Streitbeilegungsverfahren vor einer Verbraucherschlichtungsstelle teilzunehmen.<\/p>\n<\/p><\/div>\n<div class=\"blank150\"><\/div>\n<div class=\"blank50-imprint\" id=\"france\"><\/div>\n<div class=\"aex-box-imprint\">\n<h3 data-aos=\"flip-right\" data-aos-duration=\"1800\">05. | Frankreich-Klausel<\/h3>\n<p>Um die Community von \u00abMen of Wrestling\u00bb effektiv und zielgruppenorientiert vermarkten zu k\u00f6nnen, werden gezielt Werbemittel bei den relevanten Zielgruppen eingesetzt. Es kann selbstverst\u00e4ndlich vorkommen, dass in diesen Werbemitteln junge Menschen und Athleten dargestellt werden, die die Philosophie von \u00abMen of Wrestling\u00bb unterstreichen.<\/p>\n<p>\t\t\u00abMen of Wrestling\u00bb steht es frei, Bilder bzw. Werbemittel zu bearbeiten, zu ver\u00e4ndern und zu editieren. Aus diesem Grund kann es unter Umst\u00e4nden vorkommen, dass Menschen, die auf diesen Werbemitteln gezeigt werden, vorher durch ein Bildbearbeitungsprogramm entweder in Teilen oder im Ganzen ver\u00e4ndert werden.<\/p>\n<p>\t\tEs liegt in der Natur der Werbung, Philosophien (und Produkte) zu stilisieren, um von einer relevanten Zielgruppe wahrgenommen zu werden.<\/p>\n<\/p><\/div>\n<div class=\"blank150\"><\/div>\n<div class=\"blank50-imprint\" id=\"disclaimer\"><\/div>\n<div class=\"aex-box-imprint\">\n<h3 data-aos=\"flip-right\" data-aos-duration=\"1800\">06. | Haftungsausschluss<\/h3>\n<p>Im Folgenden erf\u00e4hrst du, wof\u00fcr der Betreiber dieses Projekts nicht in Haftung genommen werden kann:<\/p>\n<div class=\"blank50\"><\/div>\n<h4 data-aos=\"flip-right\" data-aos-duration=\"1800\">Haftung f\u00fcr Inhalte<\/h4>\n<p>Als Anbieter ist \u00abMen of Wrestling\u00bb gem\u00e4ss \u00a77 Absatz 1 TMG f\u00fcr eigene Inhalte auf diesen Seiten nach den allgemeinen Gesetzen verantwortlich. Nach \u00a7\u00a78 bis 10 TMG ist \u00abMen of Wrestling\u00bb als Anbieter jedoch nicht verpflichtet, \u00fcbermittelte oder gespeicherte fremde Informationen zu \u00fcberwachen oder nach Umst\u00e4nden zu forschen, die auf eine rechtswidrige T\u00e4tigkeit hinweisen.<\/p>\n<p>\t\tVerpflichtungen zur Entfernung oder Sperrung der Nutzung von Informationen nach den allgemeinen Gesetzen bleiben hiervon unber\u00fchrt. Eine diesbez\u00fcgliche Haftung ist jedoch erst ab dem Zeitpunkt der Kenntnis einer konkreten Rechtsverletzung m\u00f6glich. Bei Bekanntwerden von entsprechenden Rechtsverletzungen wird \u00abMen of Wrestling\u00bb diese Inhalte umgehend entfernen.<\/p>\n<div class=\"blank100\"><\/div>\n<h4 data-aos=\"flip-right\" data-aos-duration=\"1800\">Haftung f\u00fcr Links<\/h4>\n<p>Das Angebot von \u00abMen of Wrestling\u00bb enth\u00e4lt unter Umst\u00e4nden Links zu externen Webseiten Dritter, auf deren Inhalte \u00abMen of Wrestling\u00bb keinen Einfluss hat. Deshalb kann \u00abMen of Wrestling\u00bb f\u00fcr diese fremden Inhalte auch keine Gew\u00e4hr \u00fcbernehmen. F\u00fcr die Inhalte der verlinkten Seiten ist stets der jeweilige Anbieter oder Betreiber der Seiten verantwortlich. Die verlinkten Seiten wurden zum Zeitpunkt der Verlinkung auf m\u00f6gliche Rechtsverst\u00f6sse \u00fcberpr\u00fcft. Rechtswidrige Inhalte waren zum Zeitpunkt der Verlinkung nicht erkennbar.<\/p>\n<p>\t\tEine permanente inhaltliche Kontrolle der verlinkten Seiten ist jedoch ohne konkrete Anhaltspunkte einer Rechtsverletzung nicht zumutbar. Bei Bekanntwerden von Rechtsverletzungen wird \u00abMen of Wrestling\u00bb derartige Links umgehend entfernen.<\/p>\n<\/p><\/div>\n<div class=\"blank150\"><\/div>\n<div class=\"blank50-imprint\" id=\"copyright\"><\/div>\n<div class=\"aex-box-imprint\">\n<h3 data-aos=\"flip-right\" data-aos-duration=\"1800\">07. | Urheberrecht<\/h3>\n<p>Die durch \u00abMen of Wrestling\u00bb bzw. \u00abAexraex | The Pioneer\u00bb erstellten Inhalte und Werke auf diesen Seiten unterliegen dem deutschen Urheberrecht. Die Vervielf\u00e4ltigung, Bearbeitung, Verbreitung und jede Art der Verwertung ausserhalb der Grenzen des Urheberrechtes bed\u00fcrfen der schriftlichen Zustimmung des jeweiligen Autors bzw. Erstellers.<\/p>\n<p>\t\t<strong>Downloads und Kopien dieser Seite sind nur f\u00fcr den privaten, nicht kommerziellen Gebrauch gestattet.<\/strong><\/p>\n<p>\t\tSoweit die Inhalte auf dieser Seite nicht vom Betreiber erstellt wurden, werden die Urheberrechte Dritter beachtet. Insbesondere werden Inhalte Dritter als solche gekennzeichnet. Solltest du trotzdem auf eine Urheberrechtsverletzung aufmerksam werden, bittet \u00abMen of Wrestling\u00bb um einen entsprechenden Hinweis. Bei Bekanntwerden von Rechtsverletzungen wird \u00abMen of Wrestling\u00bb derartige Inhalte umgehend entfernen.<\/p>\n<p>\t\t<a class=\"aex-imprint-links\" href=\"https:\/\/menofwrestling.com\/de\/resources\/\" target=\"_self\">Detaillierte Auflistung genutzter Bild- und Medienquellen<\/a><br \/>\n\t\t<a class=\"aex-imprint-links\" href=\"https:\/\/menofwrestling.com\/de\/resources-photographers-and-athletes\/\" target=\"_self\">Detaillierte Auflistung der Photographen und Athleten<\/a>\n\t<\/div>\n<div class=\"blank200\"><\/div>\n<div class=\"aex-box-imprint\">\n<h3 data-aos=\"flip-right\" data-aos-duration=\"1800\">Information<\/h3>\n<p>Letzte Aktualisierung:<br \/>\n\t\tD\u00fcsseldorf, 11. M\u00e4rz 2023<\/p>\n<p class=\"aex-imprint-grey\">Bei Missverst\u00e4ndnissen, \u00dcbersetzungsfehlern oder Ungereimtheiten,<br \/>\n\t\that dieses Impressum nur in seiner deutschen Fassung seine G\u00fcltigkeit.<\/p>\n<\/p><\/div>\n<\/div>\n","protected":false},"excerpt":{"rendered":"<p>\u00abMen of Wrestling | Turkish Oil Wrestling\u00bb ist eine private kostenfreie Website, die Informationen und Inhalte \u00fcber den t\u00fcrkischen Nationalsport \u00abYa\u011fl\u0131 G\u00fcre\u015f\u00bb (\u00d6lringen) f\u00fcr seine Besucher bereit h\u00e4lt und anbietet. Zum Kampf treten stets zwei Ringer gegeneinander an. Zum \u00abYa\u011fl\u0131 G\u00fcre\u015f\u00bb reiben sich die K\u00e4mpfer von Kopf bis Fuss mit Oliven\u00f6l ein. Durch das Einreiben [&hellip;]<\/p>\n","protected":false},"author":1,"featured_media":0,"parent":0,"menu_order":0,"comment_status":"closed","ping_status":"closed","template":"","meta":{"footnotes":""},"class_list":["post-19","page","type-page","status-publish","hentry"],"translation":{"provider":"WPGlobus","version":"3.0.2","language":"es","enabled_languages":["de","tr","en","es","br","fr","it","ar","ru","zh","ko","hi","ja"],"languages":{"de":{"title":true,"content":true,"excerpt":false},"tr":{"title":true,"content":false,"excerpt":false},"en":{"title":true,"content":false,"excerpt":false},"es":{"title":true,"content":false,"excerpt":false},"br":{"title":true,"content":false,"excerpt":false},"fr":{"title":true,"content":false,"excerpt":false},"it":{"title":true,"content":false,"excerpt":false},"ar":{"title":true,"content":false,"excerpt":false},"ru":{"title":true,"content":false,"excerpt":false},"zh":{"title":true,"content":false,"excerpt":false},"ko":{"title":true,"content":false,"excerpt":false},"hi":{"title":true,"content":false,"excerpt":false},"ja":{"title":true,"content":false,"excerpt":false}}},"aioseo_notices":[],"_links":{"self":[{"href":"https:\/\/menofwrestling.com\/es\/wp-json\/wp\/v2\/pages\/19","targetHints":{"allow":["GET"]}}],"collection":[{"href":"https:\/\/menofwrestling.com\/es\/wp-json\/wp\/v2\/pages"}],"about":[{"href":"https:\/\/menofwrestling.com\/es\/wp-json\/wp\/v2\/types\/page"}],"author":[{"embeddable":true,"href":"https:\/\/menofwrestling.com\/es\/wp-json\/wp\/v2\/users\/1"}],"replies":[{"embeddable":true,"href":"https:\/\/menofwrestling.com\/es\/wp-json\/wp\/v2\/comments?post=19"}],"version-history":[{"count":0,"href":"https:\/\/menofwrestling.com\/es\/wp-json\/wp\/v2\/pages\/19\/revisions"}],"wp:attachment":[{"href":"https:\/\/menofwrestling.com\/es\/wp-json\/wp\/v2\/media?parent=19"}],"curies":[{"name":"wp","href":"https:\/\/api.w.org\/{rel}","templated":true}]}}