{"id":50,"date":"2023-08-19T01:12:51","date_gmt":"2023-08-18T23:12:51","guid":{"rendered":"https:\/\/menofwrestling.com\/?page_id=50"},"modified":"2023-08-19T01:12:51","modified_gmt":"2023-08-18T23:12:51","slug":"definitions","status":"publish","type":"page","link":"https:\/\/menofwrestling.com\/en\/definitions\/","title":{"rendered":"Definitions"},"content":{"rendered":"<div class=\"aex-box left\">\n<article>\n<div class=\"blank10\"><\/div>\n<h2 class=\"text-none\" data-aos=\"flip-up\" data-aos-duration=\"2000\">Many expressions are heard in connection with \u203aYa\u011fl\u0131 G\u00fcre\u015f\u2039 (oil wrestling). In addition, there are many terms for various lever and fighting techniques. This lexicon should help you to better understand Turkish oil wrestling.<\/h2>\n<div class=\"blank10\"><\/div>\n<p><strong>\u203aYa\u011fl\u0131 G\u00fcre\u015f\u2039<\/strong> (singular) means something like <strong>\u203athe oily wrestling\u2039<\/strong>. The plural <strong>\u203aYa\u011fl\u0131 G\u00fcre\u015fler\u2039<\/strong> stands for <strong>\u203aoily fights\u2039<\/strong>. Individual wrestlers and fighters are called <strong>\u203aPehlivan\u2039<\/strong>. <strong>\u203aPehlivan\u2039<\/strong> is a singular and you will find the meaning below. Accordingly, the word <strong>\u203aPehlivanlar\u2039<\/strong> (Turkish plural) stands for all fighters and wrestlers.<\/p>\n<div class=\"blank50\"><\/div>\n<h3>Pehlivan<\/h3>\n<p><strong>\u203aPehlivan\u2039<\/strong> is originally a persian word that usually means \u203acourageous\u2039, but it also has a number of other meanings. Officer, Governor, a physically tall man or person who is telling the truth, are other definitions.<\/p>\n<p>\t\tThroughout history, the word has been used with a variety of meanings. The Seljuk Turks used the word to refer to heroic warriors, savvy shooters and wrestlers. In the 16th century, it was used exclusively for athletes, and this practice continued until the end of the reign of Sultan Mahmut II.<\/p>\n<p>\t\tThe turkish society respects wrestlers for their tradition and culture. Heroism and being a warrior, are other qualities that are attributed to the wrestlers. A \u203aPehlivan\u2039 is perceived as being physically stronger than anyone else and generally considered muscular and healthy. They have a true strong character.<\/p>\n<p>\t\tAs part of events in the Ottoman period competitions were held in wrestling. Often, these competitions continue to serve and collect money and donations to charity.<\/p>\n<div class=\"blank10\"><\/div>\n<div class=\"blank300\"><\/div>\n<\/article>\n<\/div>\n","protected":false},"excerpt":{"rendered":"<p>Many expressions are heard in connection with \u203aYa\u011fl\u0131 G\u00fcre\u015f\u2039 (oil wrestling). In addition, there are many terms for various lever and fighting techniques. This lexicon should help you to better understand Turkish oil wrestling. \u203aYa\u011fl\u0131 G\u00fcre\u015f\u2039 (singular) means something like \u203athe oily wrestling\u2039. The plural \u203aYa\u011fl\u0131 G\u00fcre\u015fler\u2039 stands for \u203aoily fights\u2039. Individual wrestlers and fighters [&hellip;]<\/p>\n","protected":false},"author":1,"featured_media":0,"parent":0,"menu_order":0,"comment_status":"closed","ping_status":"closed","template":"","meta":{"footnotes":""},"class_list":["post-50","page","type-page","status-publish","hentry"],"translation":{"provider":"WPGlobus","version":"3.0.2","language":"en","enabled_languages":["de","tr","en","es","br","fr","it","ar","ru","zh","ko","hi","ja"],"languages":{"de":{"title":true,"content":true,"excerpt":false},"tr":{"title":true,"content":true,"excerpt":false},"en":{"title":true,"content":true,"excerpt":false},"es":{"title":true,"content":false,"excerpt":false},"br":{"title":true,"content":false,"excerpt":false},"fr":{"title":true,"content":false,"excerpt":false},"it":{"title":true,"content":false,"excerpt":false},"ar":{"title":true,"content":false,"excerpt":false},"ru":{"title":true,"content":false,"excerpt":false},"zh":{"title":true,"content":false,"excerpt":false},"ko":{"title":true,"content":false,"excerpt":false},"hi":{"title":true,"content":false,"excerpt":false},"ja":{"title":true,"content":false,"excerpt":false}}},"aioseo_notices":[],"_links":{"self":[{"href":"https:\/\/menofwrestling.com\/en\/wp-json\/wp\/v2\/pages\/50","targetHints":{"allow":["GET"]}}],"collection":[{"href":"https:\/\/menofwrestling.com\/en\/wp-json\/wp\/v2\/pages"}],"about":[{"href":"https:\/\/menofwrestling.com\/en\/wp-json\/wp\/v2\/types\/page"}],"author":[{"embeddable":true,"href":"https:\/\/menofwrestling.com\/en\/wp-json\/wp\/v2\/users\/1"}],"replies":[{"embeddable":true,"href":"https:\/\/menofwrestling.com\/en\/wp-json\/wp\/v2\/comments?post=50"}],"version-history":[{"count":0,"href":"https:\/\/menofwrestling.com\/en\/wp-json\/wp\/v2\/pages\/50\/revisions"}],"wp:attachment":[{"href":"https:\/\/menofwrestling.com\/en\/wp-json\/wp\/v2\/media?parent=50"}],"curies":[{"name":"wp","href":"https:\/\/api.w.org\/{rel}","templated":true}]}}